{"id":1233,"date":"2024-12-11T14:42:29","date_gmt":"2024-12-11T13:42:29","guid":{"rendered":"https:\/\/www.dotcom.tn\/?page_id=1233"},"modified":"2024-12-11T16:11:45","modified_gmt":"2024-12-11T15:11:45","slug":"hpe","status":"publish","type":"page","link":"https:\/\/www.dotcom.tn\/?page_id=1233","title":{"rendered":"HPE"},"content":{"rendered":"\t\t<div data-elementor-type=\"wp-page\" data-elementor-id=\"1233\" class=\"elementor elementor-1233\">\n\t\t\t\t<div class=\"elementor-element elementor-element-e75a0b9 e-flex e-con-boxed e-con e-parent\" data-id=\"e75a0b9\" data-element_type=\"container\" data-e-type=\"container\">\n\t\t\t\t\t<div class=\"e-con-inner\">\n\t\t<div class=\"elementor-element elementor-element-612ca2a e-con-full e-flex e-con e-child\" data-id=\"612ca2a\" data-element_type=\"container\" data-e-type=\"container\">\n\t\t\t\t<div class=\"elementor-element elementor-element-8894657 elementor-invisible elementor-widget elementor-widget-image\" data-id=\"8894657\" data-element_type=\"widget\" data-e-type=\"widget\" data-settings=\"{&quot;_animation&quot;:&quot;bounceIn&quot;}\" data-widget_type=\"image.default\">\n\t\t\t\t<div class=\"elementor-widget-container\">\n\t\t\t\t\t\t\t\t\t\t\t\t\t\t\t<img decoding=\"async\" src=\"https:\/\/upload.wikimedia.org\/wikipedia\/commons\/thumb\/4\/46\/Hewlett_Packard_Enterprise_logo.svg\/1280px-Hewlett_Packard_Enterprise_logo.svg.png\" title=\"\" alt=\"\" loading=\"lazy\" \/>\t\t\t\t\t\t\t\t\t\t\t\t\t\t\t<\/div>\n\t\t\t\t<\/div>\n\t\t\t\t<\/div>\n\t\t<div class=\"elementor-element elementor-element-8445ce0 e-con-full e-flex e-con e-child\" data-id=\"8445ce0\" data-element_type=\"container\" data-e-type=\"container\">\n\t\t\t\t<div class=\"elementor-element elementor-element-688efb1 elementor-widget elementor-widget-text-editor\" data-id=\"688efb1\" data-element_type=\"widget\" data-e-type=\"widget\" data-widget_type=\"text-editor.default\">\n\t\t\t\t<div class=\"elementor-widget-container\">\n\t\t\t\t\t\t\t\t\t<p>Hewlett Packard Enterprise (HPE) est un acteur mondial majeur dans le domaine des technologies, offrant des solutions novatrices pour acc\u00e9l\u00e9rer la transformation num\u00e9rique des entreprises gr\u00e2ce \u00e0 des infrastructures intelligentes et des services adapt\u00e9s aux environnements complexes.<\/p><h3>Les Points Forts de HPE :<\/h3><ul><li><p><strong>Plateforme Intelligente et Int\u00e9gr\u00e9e<\/strong> : HPE propose une architecture Edge-to-Cloud robuste, permettant une int\u00e9gration fluide des donn\u00e9es et applications entre le cloud, l&#8217;edge computing, et les environnements traditionnels, tout en garantissant s\u00e9curit\u00e9 et performance.<\/p><\/li><li><p><strong>Innovation et Flexibilit\u00e9<\/strong> : Gr\u00e2ce \u00e0 des technologies comme HPE GreenLake, une solution d\u2019Infrastructure-as-a-Service (IaaS), les entreprises b\u00e9n\u00e9ficient d\u2019une flexibilit\u00e9 financi\u00e8re et op\u00e9rationnelle en acc\u00e9dant aux ressources IT sur demande.<\/p><\/li><li><p><strong>Performance et \u00c9volutivit\u00e9<\/strong> : Les solutions mat\u00e9rielles et logicielles de HPE, incluant des serveurs haute performance et des syst\u00e8mes de stockage avanc\u00e9s, assurent une capacit\u00e9 d\u2019\u00e9volutivit\u00e9 exceptionnelle pour r\u00e9pondre aux besoins croissants des entreprises modernes.<\/p><\/li><li><p><strong>Gestion Simplifi\u00e9e<\/strong> : Les outils comme HPE OneView centralisent la gestion des infrastructures, offrant une visibilit\u00e9 compl\u00e8te et facilitant le d\u00e9ploiement, la surveillance et l\u2019administration des ressources IT.<\/p><\/li><li><p><strong>\u00c9cosyst\u00e8me Diversifi\u00e9<\/strong> : HPE fournit un large \u00e9ventail de solutions, allant des serveurs et r\u00e9seaux aux services cloud et \u00e0 la cybers\u00e9curit\u00e9, r\u00e9pondant aux exigences vari\u00e9es des petites entreprises comme des grandes organisations.<\/p><\/li><li><p><strong>Engagement Durable<\/strong> : HPE s\u2019engage dans des initiatives de durabilit\u00e9, avec des solutions \u00e9co-responsables visant \u00e0 r\u00e9duire l\u2019empreinte carbone des infrastructures IT, alignant innovation technologique et responsabilit\u00e9 environnementale.<\/p><\/li><\/ul><p>HPE se distingue par sa capacit\u00e9 \u00e0 proposer des solutions compl\u00e8tes, performantes et adapt\u00e9es \u00e0 des environnements IT en constante \u00e9volution, tout en garantissant simplicit\u00e9 et s\u00e9curit\u00e9.<\/p>\t\t\t\t\t\t\t\t<\/div>\n\t\t\t\t<\/div>\n\t\t\t\t<\/div>\n\t\t\t\t\t<\/div>\n\t\t\t\t<\/div>\n\t\t\t\t<\/div>\n\t\t","protected":false},"excerpt":{"rendered":"<p>Hewlett Packard Enterprise (HPE) est un acteur mondial majeur dans le domaine des technologies, offrant des solutions novatrices pour acc\u00e9l\u00e9rer la transformation [&hellip;]<\/p>\n","protected":false},"author":2,"featured_media":0,"parent":1158,"menu_order":0,"comment_status":"closed","ping_status":"closed","template":"","meta":{"footnotes":""},"class_list":["post-1233","page","type-page","status-publish","hentry"],"aioseo_notices":[],"_links":{"self":[{"href":"https:\/\/www.dotcom.tn\/index.php?rest_route=\/wp\/v2\/pages\/1233","targetHints":{"allow":["GET"]}}],"collection":[{"href":"https:\/\/www.dotcom.tn\/index.php?rest_route=\/wp\/v2\/pages"}],"about":[{"href":"https:\/\/www.dotcom.tn\/index.php?rest_route=\/wp\/v2\/types\/page"}],"author":[{"embeddable":true,"href":"https:\/\/www.dotcom.tn\/index.php?rest_route=\/wp\/v2\/users\/2"}],"replies":[{"embeddable":true,"href":"https:\/\/www.dotcom.tn\/index.php?rest_route=%2Fwp%2Fv2%2Fcomments&post=1233"}],"version-history":[{"count":10,"href":"https:\/\/www.dotcom.tn\/index.php?rest_route=\/wp\/v2\/pages\/1233\/revisions"}],"predecessor-version":[{"id":1276,"href":"https:\/\/www.dotcom.tn\/index.php?rest_route=\/wp\/v2\/pages\/1233\/revisions\/1276"}],"up":[{"embeddable":true,"href":"https:\/\/www.dotcom.tn\/index.php?rest_route=\/wp\/v2\/pages\/1158"}],"wp:attachment":[{"href":"https:\/\/www.dotcom.tn\/index.php?rest_route=%2Fwp%2Fv2%2Fmedia&parent=1233"}],"curies":[{"name":"wp","href":"https:\/\/api.w.org\/{rel}","templated":true}]}}